{"id":193,"date":"2017-07-18T15:29:44","date_gmt":"2017-07-18T13:29:44","guid":{"rendered":"http:\/\/www.idres.fr\/?page_id=193"},"modified":"2018-06-06T00:06:31","modified_gmt":"2018-06-05T22:06:31","slug":"independant","status":"publish","type":"page","link":"https:\/\/www.idres.fr\/?page_id=193","title":{"rendered":"INDEPENDANT"},"content":{"rendered":"<p><a href=\"http:\/\/www.idres.fr\/?cat=7\"><img loading=\"lazy\" class=\"alignleft wp-image-195 size-full\" src=\"http:\/\/www.idres.fr\/wp-content\/uploads\/2017\/07\/Indep.jpg\" alt=\"\" width=\"150\" height=\"69\" \/><\/a>Vous \u00eates un ind\u00e9pendant.<\/p>\n<p>Vous \u00eates en gestion chez nous.<\/p>\n<p>Acc\u00e9dez \u00e0 votre dossier avec le lien ci-dessous (<em>attention : si vous ne vous \u00eates pas encore connect\u00e9,<\/em> <span style=\"color: #0000ff;\"><a href=\"http:\/\/www.idres.fr\/wp-login.php\"><span style=\"color: #0000ff;\">connectez vous\u00a0d&rsquo;abord<\/span><\/a>,<\/span> <em>et revenez ensuite sur cette page<\/em>.)<\/p>\n<p><a href=\"http:\/\/www.idres.fr\/?cat=7\"><span style=\"color: #ff00ff;\">Acc\u00e8s \u00e0 vos donn\u00e9es<\/span><\/a> &#8230;<\/p>\n","protected":false},"excerpt":{"rendered":"<p>Vous \u00eates un ind\u00e9pendant. Vous \u00eates en gestion chez nous. Acc\u00e9dez \u00e0 votre dossier avec le lien ci-dessous (attention : si vous ne vous \u00eates pas encore connect\u00e9, connectez vous\u00a0d&rsquo;abord, et revenez ensuite sur cette page.) Acc\u00e8s \u00e0 vos donn\u00e9es &#8230;<\/p>\n","protected":false},"author":1,"featured_media":0,"parent":0,"menu_order":0,"comment_status":"closed","ping_status":"closed","template":"","meta":[],"_links":{"self":[{"href":"https:\/\/www.idres.fr\/index.php?rest_route=\/wp\/v2\/pages\/193"}],"collection":[{"href":"https:\/\/www.idres.fr\/index.php?rest_route=\/wp\/v2\/pages"}],"about":[{"href":"https:\/\/www.idres.fr\/index.php?rest_route=\/wp\/v2\/types\/page"}],"author":[{"embeddable":true,"href":"https:\/\/www.idres.fr\/index.php?rest_route=\/wp\/v2\/users\/1"}],"replies":[{"embeddable":true,"href":"https:\/\/www.idres.fr\/index.php?rest_route=%2Fwp%2Fv2%2Fcomments&post=193"}],"version-history":[{"count":6,"href":"https:\/\/www.idres.fr\/index.php?rest_route=\/wp\/v2\/pages\/193\/revisions"}],"predecessor-version":[{"id":220,"href":"https:\/\/www.idres.fr\/index.php?rest_route=\/wp\/v2\/pages\/193\/revisions\/220"}],"wp:attachment":[{"href":"https:\/\/www.idres.fr\/index.php?rest_route=%2Fwp%2Fv2%2Fmedia&parent=193"}],"curies":[{"name":"wp","href":"https:\/\/api.w.org\/{rel}","templated":true}]}}