{"id":87,"date":"2017-07-17T21:21:25","date_gmt":"2017-07-17T19:21:25","guid":{"rendered":"http:\/\/www.idres.fr\/?page_id=87"},"modified":"2019-09-27T15:18:21","modified_gmt":"2019-09-27T13:18:21","slug":"entreprise","status":"publish","type":"page","link":"https:\/\/www.idres.fr\/?page_id=87","title":{"rendered":"ENTREPRISE"},"content":{"rendered":"<p>Retrouvez ici vos documents, fichiers, r\u00e9sultats, etc &#8230;<img loading=\"lazy\" class=\"size-full wp-image-97 alignright\" src=\"http:\/\/www.idres.fr\/wp-content\/uploads\/2017\/07\/info-2-e1500327444279.jpg\" alt=\"\" width=\"100\" height=\"90\" \/><\/p>\n<p>S\u00e9lectionnez votre Structure dans le menu Entreprise. Attention : pour acc\u00e9der \u00e0 ces contenus, il vous faudra <span style=\"color: #800000;\"><em>soit<\/em> <\/span>vous connecter, <span style=\"color: #800000;\"><em>soit\u00a0<\/em><\/span>\u00eatre muni d&rsquo;un mot de passe Entreprise.<br \/>\n( pour vous connecter avec un compte enregistr\u00e9, <a href=\"http:\/\/www.idres.fr\/wp-login.php\" rel=\"noopener\"><span style=\"color: #0000ff;\">cliquez<\/span><\/a><a href=\"http:\/\/www.idres.fr\/wp-login.php\" target=\"_blank\" rel=\"noopener\"><span style=\"color: #0000ff;\"> ici\u00a0<\/span><\/a>)<br \/>\nEt si vous avez oubli\u00e9 le mot de passe de votre Entreprise, merci de nous contacter \u00e0 l&rsquo;aide du formulaire accessible en bas de page.<\/p>\n<p>A noter : au del\u00e0 de ce mot de passe, certaines publications peuvent de plus <img loading=\"lazy\" class=\"size-full wp-image-93 alignleft\" src=\"http:\/\/www.idres.fr\/wp-content\/uploads\/2017\/07\/info-3-e1500328268817.png\" alt=\"\" width=\"101\" height=\"67\" \/>\u00eatre r\u00e9serv\u00e9es \u00e0 tel ou tel utilisateur. Si c&rsquo;est le cas, il vous faut n\u00e9cessairement le mot de passe de l&rsquo;utilisateur agr\u00e9\u00e9, et nous ne pourrons en aucun cas vous le communiquer.<\/p>\n","protected":false},"excerpt":{"rendered":"<p>Retrouvez ici vos documents, fichiers, r\u00e9sultats, etc &#8230; S\u00e9lectionnez votre Structure dans le menu Entreprise. Attention : pour acc\u00e9der \u00e0 ces contenus, il vous faudra soit vous connecter, soit\u00a0\u00eatre muni d&rsquo;un mot de passe Entreprise. ( pour vous connecter avec un compte enregistr\u00e9, cliquez ici\u00a0) Et si vous avez oubli\u00e9 le mot de passe de [&hellip;]<\/p>\n","protected":false},"author":1,"featured_media":0,"parent":0,"menu_order":0,"comment_status":"closed","ping_status":"closed","template":"","meta":[],"_links":{"self":[{"href":"https:\/\/www.idres.fr\/index.php?rest_route=\/wp\/v2\/pages\/87"}],"collection":[{"href":"https:\/\/www.idres.fr\/index.php?rest_route=\/wp\/v2\/pages"}],"about":[{"href":"https:\/\/www.idres.fr\/index.php?rest_route=\/wp\/v2\/types\/page"}],"author":[{"embeddable":true,"href":"https:\/\/www.idres.fr\/index.php?rest_route=\/wp\/v2\/users\/1"}],"replies":[{"embeddable":true,"href":"https:\/\/www.idres.fr\/index.php?rest_route=%2Fwp%2Fv2%2Fcomments&post=87"}],"version-history":[{"count":20,"href":"https:\/\/www.idres.fr\/index.php?rest_route=\/wp\/v2\/pages\/87\/revisions"}],"predecessor-version":[{"id":1071,"href":"https:\/\/www.idres.fr\/index.php?rest_route=\/wp\/v2\/pages\/87\/revisions\/1071"}],"wp:attachment":[{"href":"https:\/\/www.idres.fr\/index.php?rest_route=%2Fwp%2Fv2%2Fmedia&parent=87"}],"curies":[{"name":"wp","href":"https:\/\/api.w.org\/{rel}","templated":true}]}}