{"id":91,"date":"2017-07-17T23:33:43","date_gmt":"2017-07-17T21:33:43","guid":{"rendered":"http:\/\/www.idres.fr\/?page_id=91"},"modified":"2018-06-27T18:18:50","modified_gmt":"2018-06-27T16:18:50","slug":"accueil","status":"publish","type":"page","link":"https:\/\/www.idres.fr\/","title":{"rendered":"ACCUEIL"},"content":{"rendered":"<p>&nbsp;<\/p>\n<p><img loading=\"lazy\" class=\"wp-image-92 size-full alignleft\" title=\"Pros du sport\" src=\"http:\/\/www.idres.fr\/wp-content\/uploads\/2017\/07\/guide-1-e1500324663680.jpg\" alt=\"Professionnel du sport\" width=\"150\" height=\"100\" \/><\/p>\n<p>Vous \u00eates un professionnel des activit\u00e9s du Sport, des Loisirs de Plein Air, de l&rsquo;Ev\u00e9nementiel ou du Spectacle.<\/p>\n<p>&nbsp;<\/p>\n<p>Vous devez vous concentrer sur <strong>votre<\/strong> m\u00e9tier. Vos <img loading=\"lazy\" class=\"size-full wp-image-118 alignright\" src=\"http:\/\/www.idres.fr\/wp-content\/uploads\/2017\/07\/Admin2.jpg\" alt=\"\" width=\"150\" height=\"100\" \/>contraintes de gestion vous ralentissent, vous encombrent ou m\u00eame vous d\u00e9tournent de cet objectif :\u00a0nous pouvons nous charger de <strong>vos<\/strong> probl\u00e9matiques administratives et op\u00e9rationnelles.<\/p>\n<p>Partenaires du groupe <a href=\"http:\/\/www.idwane.fr\" target=\"_blank\" rel=\"noopener\"><span style=\"color: #3366ff;\"><strong>Idwane<\/strong><\/span><\/a>, nous sommes :<\/p>\n<ul>\n<li style=\"padding-left: 30px;\">des sp\u00e9cialistes de votre secteur<\/li>\n<li style=\"padding-left: 30px;\">rod\u00e9s aux process de gestion administrative<\/li>\n<li style=\"padding-left: 30px;\">accompagn\u00e9s d&rsquo;un personnel rompu \u00e0 vos besoins et vos pratiques<\/li>\n<li style=\"padding-left: 30px;\">\u00e9quip\u00e9s d&rsquo;outils logiciels adapt\u00e9s<\/li>\n<\/ul>\n<p><img loading=\"lazy\" class=\"size-full wp-image-119 aligncenter\" src=\"http:\/\/www.idres.fr\/wp-content\/uploads\/2017\/07\/IDRtools.jpg\" alt=\"\" width=\"150\" height=\"87\" \/><\/p>\n<p>Structure professionnelle ou Ind\u00e9pendant, ID Ressources est en mesure de vous accompagner sur <img loading=\"lazy\" class=\"size-full wp-image-95 alignright\" src=\"http:\/\/www.idres.fr\/wp-content\/uploads\/2017\/07\/fact-1-e1500326456338.gif\" alt=\"\" width=\"116\" height=\"150\" \/><img loading=\"lazy\" class=\"size-full wp-image-96 alignleft\" src=\"http:\/\/www.idres.fr\/wp-content\/uploads\/2017\/07\/info-1-e1500326504459.jpg\" alt=\"\" width=\"149\" height=\"76\" \/>toutes vos probl\u00e9matiques d&rsquo;intendance :<br \/>\nclassement,\u00a0 fiches de paye, num\u00e9risation, d\u00e9clarations, saisie comptable, moyens informatiques, saisie de contrats, stockage de documents, sites web, analyse, etc.<\/p>\n<p><img loading=\"lazy\" class=\"size-full wp-image-98 alignleft\" src=\"http:\/\/www.idres.fr\/wp-content\/uploads\/2017\/07\/rando-7-e1500327143478.jpg\" alt=\"\" width=\"150\" height=\"100\" \/><\/p>\n<p>&nbsp;<\/p>\n<p>Retrouvez du temps utile\u00a0en vous appuyant sur nous &#8230;<\/p>\n","protected":false},"excerpt":{"rendered":"<p>&nbsp; Vous \u00eates un professionnel des activit\u00e9s du Sport, des Loisirs de Plein Air, de l&rsquo;Ev\u00e9nementiel ou du Spectacle. &nbsp; Vous devez vous concentrer sur votre m\u00e9tier. Vos contraintes de gestion vous ralentissent, vous encombrent ou m\u00eame vous d\u00e9tournent de cet objectif :\u00a0nous pouvons nous charger de vos probl\u00e9matiques administratives et op\u00e9rationnelles. Partenaires du groupe [&hellip;]<\/p>\n","protected":false},"author":1,"featured_media":0,"parent":0,"menu_order":0,"comment_status":"closed","ping_status":"closed","template":"","meta":[],"_links":{"self":[{"href":"https:\/\/www.idres.fr\/index.php?rest_route=\/wp\/v2\/pages\/91"}],"collection":[{"href":"https:\/\/www.idres.fr\/index.php?rest_route=\/wp\/v2\/pages"}],"about":[{"href":"https:\/\/www.idres.fr\/index.php?rest_route=\/wp\/v2\/types\/page"}],"author":[{"embeddable":true,"href":"https:\/\/www.idres.fr\/index.php?rest_route=\/wp\/v2\/users\/1"}],"replies":[{"embeddable":true,"href":"https:\/\/www.idres.fr\/index.php?rest_route=%2Fwp%2Fv2%2Fcomments&post=91"}],"version-history":[{"count":12,"href":"https:\/\/www.idres.fr\/index.php?rest_route=\/wp\/v2\/pages\/91\/revisions"}],"predecessor-version":[{"id":267,"href":"https:\/\/www.idres.fr\/index.php?rest_route=\/wp\/v2\/pages\/91\/revisions\/267"}],"wp:attachment":[{"href":"https:\/\/www.idres.fr\/index.php?rest_route=%2Fwp%2Fv2%2Fmedia&parent=91"}],"curies":[{"name":"wp","href":"https:\/\/api.w.org\/{rel}","templated":true}]}}